{"id":457,"date":"2016-07-11T21:17:56","date_gmt":"2016-07-11T19:17:56","guid":{"rendered":"http:\/\/edukacja-zdrowotna.com.pl\/szkola\/?page_id=457"},"modified":"2016-10-12T09:58:56","modified_gmt":"2016-10-12T07:58:56","slug":"na-sportowo-jest-zdrowo-szkolny-program-wychowania-zdrowotnego-iv-edycja","status":"publish","type":"page","link":"https:\/\/edukacja-zdrowotna.com.pl\/szkola\/seminarium\/na-sportowo-jest-zdrowo-szkolny-program-wychowania-zdrowotnego-iv-edycja\/","title":{"rendered":"Na sportowo jest zdrowo &#8211; szkolny program wychowania zdrowotnego IV edycja"},"content":{"rendered":"<p>ZAPRASZAMY NA KURS &#8222;Na sportowo jest zdrowo &#8211; szkolny program wychowania zdrowotnego IV edycja&#8221;<\/p>\n<p>&nbsp;<\/p>\n<p style=\"text-align: center;\"><a href=\"http:\/\/spe.edu.pl\/wp-content\/uploads\/2013\/10\/studium_logo.png\"><img loading=\"lazy\" decoding=\"async\" src=\"http:\/\/spe.edu.pl\/wp-content\/uploads\/2013\/10\/studium_logo.png\" alt=\"studium_logo\" width=\"142\" height=\"37\" \/><\/a><\/p>\n<p style=\"text-align: center;\">zaprasza do udzia\u0142u w kursie\/studium przedmiotu<\/p>\n<div>\n<h3 style=\"text-align: center;\"><strong><b>Na sportowo jest zdrowo &#8211; szkolny program wychowania zdrowotnego IV\u00a0edycja<\/b><\/strong><\/h3>\n<p style=\"text-align: center;\">w okresie od 05.10.2016 r. do 05.01.2017 r.<\/p>\n<p style=\"text-align: center;\"><strong>Zapisy na kurs przyjmowane s\u0105 30 wrze\u015bnia 2016 r.<\/strong><\/p>\n<\/div>\n<h5>Program kursu:<\/h5>\n<ol>\n<li>Nowoczesne podej\u015bcie do edukacji zdrowotnej.<\/li>\n<li>Metody aktywizuj\u0105ce w nowoczesnej edukacji zdrowotnej.<\/li>\n<li>Rola nauczyciela w edukacji zdrowotnej.<\/li>\n<li>Rozw\u00f3j psychiczny i spo\u0142eczny uczni\u00f3w \u2013 potrzeby w zakresie edukacji zdrowotnej.<\/li>\n<li>Metodyka edukacji zdrowotnej (planowanie, realizacja i ewaluacja edukacji zdrowotnej; diagnoza potrzeb uczni\u00f3w; ocena ucznia z edukacji zdrowotnej).<\/li>\n<li>Rola prawid\u0142owego \u017cywienia dziecka w r\u00f3\u017cnym wieku. Funkcja sk\u0142adnik\u00f3w pokarmowych w organizmie m\u0142odego cz\u0142owieka.<\/li>\n<li>Uzale\u017cnienia w\u015br\u00f3d dzieci i m\u0142odzie\u017cy, alkohol, narkotyki, dopalacze\u2026 &#8211; profilaktyka i zwalczanie.<\/li>\n<li>Scenariusze lekcji.<\/li>\n<\/ol>\n<p style=\"text-align: justify;\">Kurs przeprowadzony b\u0119dzie z wykorzystaniem metody <em>e \u2013 learning<\/em>. Materia\u0142y szkoleniowe zamieszczane b\u0119d\u0105 na stronie internetowej kursu (platforma edukacyjna moodle). Zaliczenie kursu odb\u0119dzie si\u0119 poprzez quizy online.<\/p>\n<p style=\"text-align: justify;\">Cel kszta\u0142cenia: celem kursu jest usystematyzowanie wiedzy obj\u0119tej programem kursu. Tre\u015bci kszta\u0142cenia w zakresie poszczeg\u00f3lnych zaj\u0119\u0107 edukacyjnych b\u0119d\u0105 dost\u0119pne po zalogowaniu si\u0119 na stron\u0119 kursu. Absolwenci kursu otrzymaj\u0105 za\u015bwiadczenia o jego uko\u0144czeniu.<\/p>\n<p style=\"text-align: justify;\">Op\u0142ata za szkolenie wynosi 295\u00a0z\u0142 + 23% VAT od osoby (zwolnione z VAT w przypadku finansowania w co najmniej 70% ze \u015brodk\u00f3w publicznych, np. z bud\u017cetu jednostki samorz\u0105du terytorialnego) wnosz\u0105 wraz ze zg\u0142oszeniem uczestnicy lub kieruj\u0105ce ich jednostki, na konto Instytutu Bada\u0144 nad Demokracj\u0105 sp. z o.o., Bank Zachodni WBK S.A., nr 63 1090 2590 0000 0001 2401 0938.<\/p>\n<p style=\"text-align: justify;\"><strong>\u00a0<\/strong><\/p>\n<p style=\"text-align: justify;\">Zg\u0142oszenia mo\u017cna dokona\u0107 poprzez wype\u0142nienie formularza online. Poprawnie wype\u0142niony formularz online wygeneruje automatycznie formularz w pliku pdf, kt\u00f3ry nale\u017cy wydrukowa\u0107, podpisa\u0107 oraz przes\u0142a\u0107 na adres: Studium Prawa Europejskiego Al. Jerozolimskie 133\/53, 02-304 Warszawa. Zg\u0142oszenie na kurs jest r\u00f3wnoznaczne z przyst\u0105pieniem do konkursu.<\/p>\n<p><b><em>REJESTRACJA ZAKO\u0143CZONA<\/em><\/b><\/p>\n<p class=\"MsoNormal\"><b>Koordynator szkolenia<\/b><\/p>\n<p>Joanna Burzy\u0144ska<br \/>\n<a href=\"mailto:j.burzynska@spe.edu.pl\">j.burzynska@spe.edu.pl<\/a><br \/>\n22 833-38-90, 22 833-39-90 wew. 14<\/p>\n<p><b>Wymagania techniczne dla uczestnik\u00f3w kursu: <\/b><\/p>\n<ul>\n<li>komputer z \u0142\u0105czem internetowym<\/li>\n<li>standardowe oprogramowanie (Word, Adobe Reader lub inne odpowiadaj\u0105ce tym programom)<\/li>\n<li>adres e-mail<\/br>(Aby unikn\u0105\u0107 sytuacji, \u017ce powiadomienia z serwisu Studium Prawa Europejskiego zostan\u0105 usuni\u0119te lub umieszczone w katalogu SPAM w Pa\u0144stwa skrzynkach mailowych, prosimy o podawanie adres\u00f3w prywatnych lub dodawania domeny spe.edu.pl do zaufanych lub do kontakt\u00f3w.)<\/li>\n<\/ul>\n<p><b>Wymagania wst\u0119pne dla uczestnik\u00f3w kursu: <\/b><\/p>\n<ul>\n<li>wykszta\u0142cenie min. \u015brednie<\/li>\n<\/ul>\n<p>Kurs r\u00f3wnowa\u017cy 40\u00a0godzin szkolenia stacjonarnego.<\/p>\n<p>Szczeg\u00f3\u0142owy harmonogram, w tym terminy konsultacji dost\u0119pne b\u0119d\u0105 po zalogowaniu si\u0119 na stronie kursu.<\/p>\n<p style=\"text-align: center;\">Prawa autorskie do program\u00f3w i materia\u0142\u00f3w szkoleniowych zastrze\u017cone!<\/p>\n","protected":false},"excerpt":{"rendered":"<p>ZAPRASZAMY NA KURS &#8222;Na sportowo jest zdrowo &#8211; szkolny program wychowania zdrowotnego IV edycja&#8221; &nbsp; zaprasza do udzia\u0142u w kursie\/studium przedmiotu Na sportowo jest zdrowo &#8211; szkolny program wychowania zdrowotnego IV\u00a0edycja w okresie od 05.10.2016 r. do 05.01.2017 r. Zapisy na kurs przyjmowane s\u0105 30 wrze\u015bnia 2016 r. Program kursu: Nowoczesne podej\u015bcie do edukacji zdrowotnej.<\/p>\n","protected":false},"author":1,"featured_media":0,"parent":9,"menu_order":0,"comment_status":"open","ping_status":"open","template":"page-template-full.php","meta":{"footnotes":""},"class_list":["post-457","page","type-page","status-publish","hentry"],"_links":{"self":[{"href":"https:\/\/edukacja-zdrowotna.com.pl\/szkola\/wp-json\/wp\/v2\/pages\/457"}],"collection":[{"href":"https:\/\/edukacja-zdrowotna.com.pl\/szkola\/wp-json\/wp\/v2\/pages"}],"about":[{"href":"https:\/\/edukacja-zdrowotna.com.pl\/szkola\/wp-json\/wp\/v2\/types\/page"}],"author":[{"embeddable":true,"href":"https:\/\/edukacja-zdrowotna.com.pl\/szkola\/wp-json\/wp\/v2\/users\/1"}],"replies":[{"embeddable":true,"href":"https:\/\/edukacja-zdrowotna.com.pl\/szkola\/wp-json\/wp\/v2\/comments?post=457"}],"version-history":[{"count":10,"href":"https:\/\/edukacja-zdrowotna.com.pl\/szkola\/wp-json\/wp\/v2\/pages\/457\/revisions"}],"predecessor-version":[{"id":520,"href":"https:\/\/edukacja-zdrowotna.com.pl\/szkola\/wp-json\/wp\/v2\/pages\/457\/revisions\/520"}],"up":[{"embeddable":true,"href":"https:\/\/edukacja-zdrowotna.com.pl\/szkola\/wp-json\/wp\/v2\/pages\/9"}],"wp:attachment":[{"href":"https:\/\/edukacja-zdrowotna.com.pl\/szkola\/wp-json\/wp\/v2\/media?parent=457"}],"curies":[{"name":"wp","href":"https:\/\/api.w.org\/{rel}","templated":true}]}}