{"id":1064,"date":"2021-11-17T11:29:20","date_gmt":"2021-11-17T10:29:20","guid":{"rendered":"http:\/\/edukacja-zdrowotna.com.pl\/szkola\/?page_id=1064"},"modified":"2022-07-01T10:01:06","modified_gmt":"2022-07-01T08:01:06","slug":"na-sportowo-jest-zdrowo-szkolny-program-wychowania-zdrowotnego-xxxv-edycja","status":"publish","type":"page","link":"https:\/\/edukacja-zdrowotna.com.pl\/szkola\/konkurs\/na-sportowo-jest-zdrowo-szkolny-program-wychowania-zdrowotnego-xxxv-edycja\/","title":{"rendered":"Na sportowo jest zdrowo &#8211; szkolny program wychowania zdrowotnego XXV edycja"},"content":{"rendered":"<p style=\"text-align: center;\"><a href=\"https:\/\/spe.edu.pl\/wp-content\/uploads\/2013\/10\/studium_logo.png\"><img loading=\"lazy\" decoding=\"async\" src=\"https:\/\/spe.edu.pl\/wp-content\/uploads\/2013\/10\/studium_logo.png\" alt=\"studium_logo\" width=\"142\" height=\"37\" \/><\/a><\/p>\n<p style=\"text-align: center;\">zaprasza do udzia\u0142u w Og\u00f3lnopolskim Konkursie dla szk\u00f3\u0142, pod nazw\u0105<\/p>\n<div>\n<h3 style=\"text-align: center;\"><strong>Na sportowo jest zdrowo &#8211; szkolny program wychowania zdrowotnego XXV edycja<\/strong><\/h3>\n<\/div>\n<div>\n<p style=\"text-align: justify;\"><strong>Konkurs przeprowadzony zostanie w okresie od <b>17 lutego 2022 r. do 15 lipca 2022 r. <\/b> Szko\u0142y, kt\u00f3re wykonaj\u0105 zadania przewidziane regulaminem konkursu, otrzymaj\u0105 certyfikaty \u201eNa sportowo jest zdrowo &#8211; szkolny program wychowania zdrowotnego\u201d oraz za\u015bwiadczenia o uko\u0144czeniu kursu.<br \/>\n<\/strong><\/p>\n<\/div>\n<h5>Regulamin konkursu:<\/h5>\n<ul>\n<li style=\"text-align: justify;\">Celem konkursu jest wskazanie, jak wa\u017cn\u0105 rol\u0119 w \u017cyciu ucznia pe\u0142ni edukacja prozdrowotna w szkole oraz promowanie zdrowego i aktywnego stylu \u017cycia.<\/li>\n<\/ul>\n<ul>\n<li style=\"text-align: justify;\">Szko\u0142y przyst\u0119puj\u0105ce do konkursu przyjm\u0105 na siebie zadania, kt\u00f3rych wykonanie b\u0119dzie oceniane przez jury punktowo, w skali od \u201e1\u201d do \u201e10\u201d. Warunkiem do otrzymania tytu\u0142u i dyplomu \u201eNa sportowo jest zdrowo &#8211; szkolny program wychowania zdrowotnego\u201d jest uzyskanie co najmniej 80% punkt\u00f3w za zrealizowanie 7 spo\u015br\u00f3d 10 zaproponowanych zada\u0144. W sk\u0142ad jury wchodz\u0105 przedstawiciele organizatora konkursu.<\/li>\n<\/ul>\n<p><strong><b>Zadania konkursu: \u201eNa sportowo jest zdrowo \u2013 szkolny program wychowania zdrowotnego\u201d<\/b><\/strong><\/p>\n<ol>\n<li style=\"text-align: justify;\">\u201eU\u017cywkom m\u00f3wi\u0119 nie\u201d \u2013 zainscenizowanie kilku sytuacji, w kt\u00f3rej potrafimy wykaza\u0107 si\u0119 postaw\u0105 asertywn\u0105 i odm\u00f3wi\u0107 gdy kto\u015b zach\u0119ca do u\u017cywek. Dyskusja na temat szk\u00f3d zdrowotnych i spo\u0142ecznych zwi\u0105zanych z paleniem tytoniu, nadu\u017cywaniem alkoholu oraz u\u017cywaniem innych substancji psychoaktywnych. Ocena na podstawie sprawozdania, prac plastycznych\/pisemnych, zdj\u0119\u0107 przes\u0142anych do jury konkursu.<\/li>\n<li style=\"text-align: justify;\">\u201eZastrzyk z witamin ka\u017cdego dnia\u201d. W ramach zaj\u0119\u0107 klasowych zorganizowanie lekcji, na kt\u00f3rej uczniowie zrobi\u0105 kilka sa\u0142atek warzywnych i owocowych. Nast\u0119pnie om\u00f3wienie ka\u017cdej z nich pod k\u0105tem warto\u015bci od\u017cywczych, prawid\u0142owego \u0142\u0105czenia sk\u0142adnik\u00f3w oraz smaku. Ocena na podstawie sprawozdania, prac plastycznych, zdj\u0119\u0107 przes\u0142anych do jury konkursu.<\/li>\n<li style=\"text-align: justify;\">Zorganizowanie spotkania z piel\u0119gniark\u0105 szkoln\u0105\/lekarzem\/dietetykiem nt. \u201eZaburzenia stanu zdrowia i rozwoju zwi\u0105zanego z nieprawid\u0142owym od\u017cywianiem (oty\u0142o\u015b\u0107, nadwaga, niedob\u00f3r masy cia\u0142a, anoreksja, bulimia\u2026)\u201d. Ocena na podstawie sprawozdania oraz prac plastycznych\/pisemnych przes\u0142anych do jury konkursu.<\/li>\n<li style=\"text-align: justify;\">\u201eSzczotka, pasta, kubek\u2026\u201d \u2013 higiena osobista ka\u017cdego dnia. Pogadanka na temat dojrzewania i zwi\u0105zanej z nim higieny. Ocena na podstawie sprawozdania oraz prac plastycznych\/pisemnych przes\u0142anych do jury konkursu.<\/li>\n<li style=\"text-align: justify;\">Zorganizowanie og\u00f3lnoszkolnego dnia sportu, w ramach kt\u00f3rego przeprowadzone zostan\u0105 zawody w kilku wybranych dyscyplinach, z podzia\u0142em na grupy wiekowe. Zawody powinny by\u0107 poprzedzone dyskusj\u0105 na temat tego, jaki wp\u0142yw na zdrowie fizyczne i psychiczne ma aktywno\u015b\u0107 ruchowa. Ocena na podstawie sprawozdania, wynik\u00f3w oraz zdj\u0119\u0107 przes\u0142anych do jury konkursu.<\/li>\n<li style=\"text-align: justify;\">\u201eJestem tym co jem?\u201d \u2013 rola racjonalne \u017cywienia na co dzie\u0144. Pogadanka na temat prawid\u0142owego od\u017cywiania si\u0119 zwie\u0144czona przygotowaniem gazetki szkolnej. Ocena na podstawie sprawozdania oraz prac plastycznych\/zdj\u0119\u0107 przes\u0142anych do jury konkursu.<\/li>\n<li style=\"text-align: justify;\">Przeprowadzenie spotka\u0144 uczni\u00f3w z przedstawicielami Policji\/Stra\u017cy Po\u017carnej\/Pogotowia Ratunkowego, organizacji spo\u0142ecznych nt. \u201eBezpieczne zachowanie w szkole, domu, na ulicy\u201d. Ocena na podstawie sprawozdania oraz prac plastycznych\/pisemnych\/zdj\u0119\u0107 przes\u0142anych do jury konkursu.<\/li>\n<li style=\"text-align: justify;\">\u201eCzas si\u0119 nie spieszy &#8211; to my nie nad\u0105\u017camy\u201d. Pogadanka na temat tego, na czym polega racjonalne gospodarowanie czasem i jaka jest wynikaj\u0105ca z tego korzy\u015b\u0107 dla zdrowia. Ocena na podstawie sprawozdania oraz prac plastycznych\/pisemnych przes\u0142anych do jury konkursu.<\/li>\n<li style=\"text-align: justify;\">Przygotowanie plakatu oraz has\u0142a promuj\u0105cego uczestnictwo w zaj\u0119ciach wychowania fizycznego w szkole. Ocena na podstawie sprawozdania oraz prac plastycznych przes\u0142anych do jury konkursu.<\/li>\n<li style=\"text-align: justify;\">Zg\u0142aszanie swoich przedstawicieli do udzia\u0142u w kursie \u201eNa sportowo jest zdrowo &#8211; szkolny program wychowania zdrowotnego\u201d kt\u00f3ry w okresie od 17.02.2022 r. do 17.04.2022 r., przeprowadzi w formie e-learning Studium Prawa Europejskiego w Warszawie (zadanie obowi\u0105zkowe).<\/li>\n<\/ol>\n<p><b>Termin zg\u0142aszania udzia\u0142u w konkursie up\u0142ywa <strong>17 lutego <\/strong> 2022 r.<\/b><\/p>\n<ul>\n<li style=\"text-align: justify;\">Prace konkursowe zwie\u0144cz\u0105 zbiorcze informacje szk\u00f3\u0142 o przebiegu prac konkursowych i uzyskanych efektach. Informacj\u0119 (na wzorze dostarczonym przez jury), opracowuj\u0105 wsp\u00f3lnie nauczyciele, dyrektorzy szk\u00f3\u0142, wychowawcy, pracownicy \u015bwietlic i bibliotek szkolnych, rady pedagogiczne, opiekunowie oraz rodzice.<\/li>\n<li style=\"text-align: justify;\">Informacje o przedsi\u0119wzi\u0119ciach w ramach konkursu, wraz z informacj\u0105 o innych przedsi\u0119wzi\u0119ciach podj\u0119tych przez szko\u0142\u0119 nale\u017cy przesy\u0142a\u0107 przez stron\u0119 internetow\u0105 <a href=\"http:\/\/konkursy.spe.edu.pl\/\">konkursy.spe.edu.pl<\/a> do dnia 15 lipca 2022 r.<\/li>\n<li style=\"text-align: justify;\">Adres jury konkursu \u201eNa sportowo jest zdrowo &#8211; szkolny program wychowania zdrowotnego\u201d.: Al. Jerozolimskie 133\/53, 02-304 Warszawa, e-mail: sekretariat@edukacja-zdrowotna.com.pl<\/li>\n<\/ul>\n<p style=\"text-align: center;\">Prawa autorskie do program\u00f3w i materia\u0142\u00f3w szkoleniowych zastrze\u017cone!<\/p>\n","protected":false},"excerpt":{"rendered":"<p>zaprasza do udzia\u0142u w Og\u00f3lnopolskim Konkursie dla szk\u00f3\u0142, pod nazw\u0105 Na sportowo jest zdrowo &#8211; szkolny program wychowania zdrowotnego XXV edycja Konkurs przeprowadzony zostanie w okresie od 17 lutego 2022 r. do 15 lipca 2022 r. Szko\u0142y, kt\u00f3re wykonaj\u0105 zadania przewidziane regulaminem konkursu, otrzymaj\u0105 certyfikaty \u201eNa sportowo jest zdrowo &#8211; szkolny program wychowania zdrowotnego\u201d oraz<\/p>\n","protected":false},"author":1,"featured_media":0,"parent":7,"menu_order":0,"comment_status":"closed","ping_status":"closed","template":"page-template-full.php","meta":{"footnotes":""},"class_list":["post-1064","page","type-page","status-publish","hentry"],"_links":{"self":[{"href":"https:\/\/edukacja-zdrowotna.com.pl\/szkola\/wp-json\/wp\/v2\/pages\/1064"}],"collection":[{"href":"https:\/\/edukacja-zdrowotna.com.pl\/szkola\/wp-json\/wp\/v2\/pages"}],"about":[{"href":"https:\/\/edukacja-zdrowotna.com.pl\/szkola\/wp-json\/wp\/v2\/types\/page"}],"author":[{"embeddable":true,"href":"https:\/\/edukacja-zdrowotna.com.pl\/szkola\/wp-json\/wp\/v2\/users\/1"}],"replies":[{"embeddable":true,"href":"https:\/\/edukacja-zdrowotna.com.pl\/szkola\/wp-json\/wp\/v2\/comments?post=1064"}],"version-history":[{"count":5,"href":"https:\/\/edukacja-zdrowotna.com.pl\/szkola\/wp-json\/wp\/v2\/pages\/1064\/revisions"}],"predecessor-version":[{"id":1098,"href":"https:\/\/edukacja-zdrowotna.com.pl\/szkola\/wp-json\/wp\/v2\/pages\/1064\/revisions\/1098"}],"up":[{"embeddable":true,"href":"https:\/\/edukacja-zdrowotna.com.pl\/szkola\/wp-json\/wp\/v2\/pages\/7"}],"wp:attachment":[{"href":"https:\/\/edukacja-zdrowotna.com.pl\/szkola\/wp-json\/wp\/v2\/media?parent=1064"}],"curies":[{"name":"wp","href":"https:\/\/api.w.org\/{rel}","templated":true}]}}