{"id":771,"date":"2018-10-12T12:12:39","date_gmt":"2018-10-12T10:12:39","guid":{"rendered":"http:\/\/edukacja-zdrowotna.com.pl\/przedszkole\/?page_id=771"},"modified":"2018-10-22T11:18:07","modified_gmt":"2018-10-22T09:18:07","slug":"na-sportowo-jest-zdrowo-przedszkolny-program-wychowania-zdrowotnego-xii-edycja","status":"publish","type":"page","link":"https:\/\/edukacja-zdrowotna.com.pl\/przedszkole\/na-sportowo-jest-zdrowo-przedszkolny-program-wychowania-zdrowotnego-xii-edycja\/","title":{"rendered":"Na sportowo jest zdrowo &#8211; przedszkolny program wychowania zdrowotnego XII edycja"},"content":{"rendered":"<p style=\"text-align: center;\"><a href=\"http:\/\/spe.edu.pl\/wp-content\/uploads\/2013\/10\/studium_logo.png\"><img loading=\"lazy\" decoding=\"async\" src=\"http:\/\/spe.edu.pl\/wp-content\/uploads\/2013\/10\/studium_logo.png\" alt=\"studium_logo\" width=\"142\" height=\"37\" \/><\/a><\/p>\n<p style=\"text-align: center;\">zaprasza do udzia\u0142u w Og\u00f3lnopolskim Konkursie dla przedszkoli, pod nazw\u0105<\/p>\n<div>\n<h3 style=\"text-align: center;\"><strong><b>Na sportowo jest zdrowo &#8211; przedszkolny program wychowania zdrowotnego XII edycja<\/b><\/strong><\/h3>\n<\/div>\n<div>\n<p style=\"text-align: justify;\"><strong>Konkurs przeprowadzony zostanie w okresie od <b>20 listopada 2018 r. do 20 maja 2019 r.<\/b> Przedszkola, kt\u00f3re wykonaj\u0105 zadania przewidziane regulaminem konkursu, otrzymaj\u0105 certyfikaty \u201eNa sportowo jest zdrowo &#8211; przedszkolny program wychowania zdrowotnego\u201d oraz za\u015bwiadczenia o uko\u0144czeniu kursu.<br \/>\n<\/strong><\/p>\n<\/div>\n<h5>Regulamin konkursu:<\/h5>\n<ul>\n<li style=\"text-align: justify;\">Celem konkursu jest wskazanie, jak wa\u017cn\u0105 rol\u0119 w \u017cyciu przedszkolaka pe\u0142ni edukacja prozdrowotna, promowanie zdrowego i aktywnego stylu \u017cycia.<\/li>\n<\/ul>\n<ul>\n<li style=\"text-align: justify;\">Przedszkola przyst\u0119puj\u0105ce do konkursu przyjm\u0105 na siebie zadania, kt\u00f3rych wykonanie b\u0119dzie oceniane przez jury punktowo, w skali od \u201e1\u201d do \u201e10\u201d. Warunkiem do otrzymania dyplomu i za\u015bwiadczenia o uko\u0144czeniu kursu \u201eNa sportowo jest zdrowo &#8211; przedszkolny program wychowania zdrowotnego\u201d jest uzyskanie co najmniej 50 punkt\u00f3w za zrealizowanie 6 spo\u015br\u00f3d 8 zaproponowanych zada\u0144. W sk\u0142ad jury wchodz\u0105 przedstawiciele organizatora konkursu.<\/li>\n<\/ul>\n<p><strong><b>Zadania konkursu: \u201eNa sportowo jest zdrowo &#8211; przedszkolny program wychowania zdrowotnego\u201d<\/b><\/strong><\/p>\n<ol>\n<li style=\"text-align: justify;\">\u201eZastrzyk z witamin ka\u017cdego dnia\u201d. Zorganizowanie zaj\u0119\u0107, na kt\u00f3rych przedszkolaki zrobi\u0105 kilka sa\u0142atek warzywnych i owocowych. Nast\u0119pnie om\u00f3wienie ka\u017cdej z nich pod k\u0105tem warto\u015bci od\u017cywczych, prawid\u0142owego \u0142\u0105czenia sk\u0142adnik\u00f3w oraz smaku. Ocena na podstawie sprawozdania, prac plastycznych\/ zdj\u0119\u0107 przes\u0142anych do jury konkursu.<\/li>\n<li style=\"text-align: justify;\">Zorganizowanie spotkania z piel\u0119gniark\u0105 \/lekarzem\/dietetykiem nt. \u201eZaburzenia stanu zdrowia i rozwoju zwi\u0105zanego z nieprawid\u0142owym od\u017cywianiem (oty\u0142o\u015b\u0107, nadwaga, niedob\u00f3r masy cia\u0142a, anoreksja, bulimia\u2026)\u201d. Ocena na podstawie sprawozdania oraz prac plastycznych przes\u0142anych do jury konkursu.<\/li>\n<li style=\"text-align: justify;\">\u201eSzczotka, pasta, kubek\u2026\u201d \u2013 higiena osobista ka\u017cdego dnia. Pogadanka na temat higieny oraz nauczenie dzieci piosenki pt. \u201eSzczotka, pasta, kubek\u201d. Ocena na podstawie sprawozdania oraz prac plastycznych\/zdj\u0119\u0107\/piosenek, przes\u0142anych do jury konkursu.<\/li>\n<li style=\"text-align: justify;\">Zorganizowanie og\u00f3lnoprzedszkolnego dnia sportu, w ramach kt\u00f3rego przeprowadzone zostan\u0105 zawody w kilku wybranych dyscyplinach, z podzia\u0142em na grupy wiekowe. Zawody powinny by\u0107 poprzedzone dyskusj\u0105 na temat tego, jaki wp\u0142yw na zdrowie fizyczne i psychiczne ma aktywno\u015b\u0107 ruchowa. Ocena na podstawie sprawozdania, wynik\u00f3w oraz zdj\u0119\u0107 przes\u0142anych do jury konkursu.<\/li>\n<li style=\"text-align: justify;\">\u201eJestem tym co jem?\u201d \u2013 rola racjonalne \u017cywienia na co dzie\u0144. Pogadanka na temat prawid\u0142owego od\u017cywiania si\u0119 zwie\u0144czona przygotowaniem gazetki przedszkolnej. Ocena na podstawie sprawozdania oraz prac plastycznych\/zdj\u0119\u0107 przes\u0142anych do jury konkursu.<\/li>\n<li style=\"text-align: justify;\">Przeprowadzenie spotka\u0144 uczni\u00f3w z przedstawicielami Policji\/Stra\u017cy Po\u017carnej\/Pogotowia Ratunkowego, organizacji spo\u0142ecznych nt. \u201eBezpieczne zachowanie w przedszkolu, domu, na ulicy\u201d. Ocena na podstawie sprawozdania oraz prac plastycznych\/zdj\u0119\u0107 przes\u0142anych do jury konkursu.<\/li>\n<li style=\"text-align: justify;\">Przygotowanie plakatu oraz has\u0142a promuj\u0105cego aktywny tryb \u017cycia\/aktywny wypoczynek. Ocena na podstawie sprawozdania oraz prac plastycznych przes\u0142anych do jury konkursu.<\/li>\n<li style=\"text-align: justify;\">Zg\u0142aszanie swoich przedstawicieli do udzia\u0142u w kursie \u201eNa sportowo jest zdrowo &#8211; przedszkolny program wychowania zdrowotnego\u201d kt\u00f3ry w okresie od 20.11.2018 r. do 20.02.2019 r., przeprowadzi w formie e-learning Studium Prawa Europejskiego w Warszawie (zadanie obowi\u0105zkowe).<\/li>\n<\/ol>\n<p><strong>Termin zg\u0142aszania udzia\u0142u w konkursie up\u0142ywa 14 grudnia 2018 r.<\/strong><\/p>\n<ul>\n<li style=\"text-align: justify;\">Prace konkursowe zwie\u0144cz\u0105 zbiorcze informacje przedszkoli o przebiegu prac konkursowych i uzyskanych efektach. Informacj\u0119 (na wzorze dostarczonym przez jury), opracowuj\u0105 wsp\u00f3lnie dyrektorzy przedszkoli, nauczyciele, wychowawcy, opiekunowie oraz rodzice.<\/li>\n<li style=\"text-align: justify;\">Informacje o przedsi\u0119wzi\u0119ciach w ramach konkursu, wraz z informacj\u0105 o innych przedsi\u0119wzi\u0119ciach podj\u0119tych przez szko\u0142\u0119 nale\u017cy przesy\u0142a\u0107 przez stron\u0119 internetow\u0105 <a href=\"http:\/\/konkursy.spe.edu.pl\/\">konkursy.spe.edu.pl<\/a> do dnia 20 maja 2019 r.<\/li>\n<li style=\"text-align: justify;\">Adres jury konkursu \u201eNa sportowo jest zdrowo &#8211; przedszkolny program wychowania zdrowotnego\u201d.: Al. Jerozolimskie 133\/53, 02-304 Warszawa., e-mail: sekretariat@edukacja-zdrowotna.com.pl<\/li>\n<\/ul>\n<p style=\"text-align: center;\">Prawa autorskie do program\u00f3w i materia\u0142\u00f3w szkoleniowych zastrze\u017cone!<\/p>\n<div id=\"SL_balloon_obj\" style=\"display: block;\">\n<div id=\"SL_button\" class=\"SL_ImTranslatorLogo\" style=\"background: rgba(0, 0, 0, 0) url('moz-extension:\/\/a3a0bde5-c8d7-42a2-b16a-ab70e5413781\/content\/img\/util\/imtranslator-s.png') repeat scroll 0% 0%; display: none; opacity: 1; left: 411px; top: 168px;\"><\/div>\n<div id=\"SL_shadow_translation_result2\" style=\"display: none;\"><\/div>\n<div id=\"SL_shadow_translator\" style=\"display: none;\">\n<div id=\"SL_planshet\">\n<div id=\"SL_arrow_up\" style=\"background: rgba(0, 0, 0, 0) url('moz-extension:\/\/a3a0bde5-c8d7-42a2-b16a-ab70e5413781\/content\/img\/util\/up.png') repeat scroll 0% 0%;\"><\/div>\n<div id=\"SL_Bproviders\">\n<div id=\"SL_P0\" class=\"SL_BL_LABLE_ON\" title=\"Google\">G<\/div>\n<div id=\"SL_P1\" class=\"SL_BL_LABLE_ON\" title=\"Microsoft\">M<\/div>\n<div id=\"SL_P2\" class=\"SL_BL_LABLE_ON\" title=\"Translator\">T<\/div>\n<\/div>\n<div id=\"SL_alert_bbl\" style=\"display: none;\">\n<div id=\"SLHKclose\" style=\"background: rgba(0, 0, 0, 0) url('moz-extension:\/\/a3a0bde5-c8d7-42a2-b16a-ab70e5413781\/content\/img\/util\/delete.png') repeat scroll 0% 0%;\"><\/div>\n<div id=\"SL_alert_cont\"><\/div>\n<\/div>\n<div id=\"SL_TB\">\n<table id=\"SL_tables\" cellspacing=\"1\">\n<tr>\n<td class=\"SL_td\" align=\"right\" width=\"10%\"><input id=\"SL_locer\" title=\"Lock-in language\" type=\"checkbox\" \/><\/td>\n<td class=\"SL_td\" align=\"left\" width=\"20%\"><select id=\"SL_lng_from\" style=\"background: #ffffff url('moz-extension:\/\/a3a0bde5-c8d7-42a2-b16a-ab70e5413781\/content\/img\/util\/select.png') no-repeat scroll 100% 0px;\"><option value=\"auto\">Detect language<\/option><option value=\"af\">Afrikaans<\/option><option value=\"sq\">Albanian<\/option><option value=\"am\">Amharic<\/option><option value=\"ar\">Arabic<\/option><option value=\"hy\">Armenian<\/option><option value=\"az\">Azerbaijani<\/option><option value=\"eu\">Basque<\/option><option value=\"be\">Belarusian<\/option><option value=\"bn\">Bengali<\/option><option value=\"bs\">Bosnian<\/option><option value=\"bg\">Bulgarian<\/option><option value=\"ca\">Catalan<\/option><option value=\"ceb\">Cebuano<\/option><option value=\"ny\">Chichewa<\/option><option value=\"zh-CN\">Chinese (Simplified)<\/option><option value=\"zh-TW\">Chinese (Traditional)<\/option><option value=\"co\">Corsican<\/option><option value=\"hr\">Croatian<\/option><option value=\"cs\">Czech<\/option><option value=\"da\">Danish<\/option><option value=\"nl\">Dutch<\/option><option value=\"en\">English<\/option><option value=\"eo\">Esperanto<\/option><option value=\"et\">Estonian<\/option><option value=\"tl\">Filipino<\/option><option value=\"fi\">Finnish<\/option><option value=\"fr\">French<\/option><option value=\"fy\">Frisian<\/option><option value=\"gl\">Galician<\/option><option value=\"ka\">Georgian<\/option><option value=\"de\">German<\/option><option value=\"el\">Greek<\/option><option value=\"gu\">Gujarati<\/option><option value=\"ht\">Haitian Creole<\/option><option value=\"ha\">Hausa<\/option><option value=\"haw\">Hawaiian<\/option><option value=\"iw\">Hebrew<\/option><option value=\"hi\">Hindi<\/option><option value=\"hmn\">Hmong<\/option><option value=\"hu\">Hungarian<\/option><option value=\"is\">Icelandic<\/option><option value=\"ig\">Igbo<\/option><option value=\"id\">Indonesian<\/option><option value=\"ga\">Irish<\/option><option value=\"it\">Italian<\/option><option value=\"ja\">Japanese<\/option><option value=\"jw\">Javanese<\/option><option value=\"kn\">Kannada<\/option><option value=\"kk\">Kazakh<\/option><option value=\"km\">Khmer<\/option><option value=\"ko\">Korean<\/option><option value=\"ku\">Kurdish<\/option><option value=\"ky\">Kyrgyz<\/option><option value=\"lo\">Lao<\/option><option value=\"la\">Latin<\/option><option value=\"lv\">Latvian<\/option><option value=\"lt\">Lithuanian<\/option><option value=\"lb\">Luxembourgish<\/option><option value=\"mk\">Macedonian<\/option><option value=\"mg\">Malagasy<\/option><option value=\"ms\">Malay<\/option><option value=\"ml\">Malayalam<\/option><option value=\"mt\">Maltese<\/option><option value=\"mi\">Maori<\/option><option value=\"mr\">Marathi<\/option><option value=\"mn\">Mongolian<\/option><option value=\"my\">Myanmar (Burmese)<\/option><option value=\"ne\">Nepali<\/option><option value=\"no\">Norwegian<\/option><option value=\"ps\">Pashto<\/option><option value=\"fa\">Persian<\/option><option value=\"pl\">Polish<\/option><option value=\"pt\">Portuguese<\/option><option value=\"pa\">Punjabi<\/option><option value=\"ro\">Romanian<\/option><option value=\"ru\">Russian<\/option><option value=\"sm\">Samoan<\/option><option value=\"gd\">Scots Gaelic<\/option><option value=\"sr\">Serbian<\/option><option value=\"st\">Sesotho<\/option><option value=\"sn\">Shona<\/option><option value=\"sd\">Sindhi<\/option><option value=\"si\">Sinhala<\/option><option value=\"sk\">Slovak<\/option><option value=\"sl\">Slovenian<\/option><option value=\"so\">Somali<\/option><option value=\"es\">Spanish<\/option><option value=\"su\">Sundanese<\/option><option value=\"sw\">Swahili<\/option><option value=\"sv\">Swedish<\/option><option value=\"tg\">Tajik<\/option><option value=\"ta\">Tamil<\/option><option value=\"te\">Telugu<\/option><option value=\"th\">Thai<\/option><option value=\"tr\">Turkish<\/option><option value=\"uk\">Ukrainian<\/option><option value=\"ur\">Urdu<\/option><option value=\"uz\">Uzbek<\/option><option value=\"vi\">Vietnamese<\/option><option value=\"cy\">Welsh<\/option><option value=\"xh\">Xhosa<\/option><option value=\"yi\">Yiddish<\/option><option value=\"yo\">Yoruba<\/option><option value=\"zu\">Zulu<\/option><\/select><\/td>\n<td class=\"SL_td\" align=\"center\" width=\"3\">\n<div id=\"SL_switch_b\" style=\"background: rgba(0, 0, 0, 0) url('moz-extension:\/\/a3a0bde5-c8d7-42a2-b16a-ab70e5413781\/content\/img\/util\/switchb.png') repeat scroll 0% 0%;\" title=\"Switch languages\"><\/div>\n<\/td>\n<td class=\"SL_td\" align=\"left\" width=\"20%\"><select id=\"SL_lng_to\" style=\"background: #ffffff url('moz-extension:\/\/a3a0bde5-c8d7-42a2-b16a-ab70e5413781\/content\/img\/util\/select.png') no-repeat scroll 100% 0px;\"><option value=\"af\">Afrikaans<\/option><option value=\"sq\">Albanian<\/option><option value=\"am\">Amharic<\/option><option value=\"ar\">Arabic<\/option><option value=\"hy\">Armenian<\/option><option value=\"az\">Azerbaijani<\/option><option value=\"eu\">Basque<\/option><option value=\"be\">Belarusian<\/option><option value=\"bn\">Bengali<\/option><option value=\"bs\">Bosnian<\/option><option value=\"bg\">Bulgarian<\/option><option value=\"ca\">Catalan<\/option><option value=\"ceb\">Cebuano<\/option><option value=\"ny\">Chichewa<\/option><option value=\"zh-CN\">Chinese (Simplified)<\/option><option value=\"zh-TW\">Chinese (Traditional)<\/option><option value=\"co\">Corsican<\/option><option value=\"hr\">Croatian<\/option><option value=\"cs\">Czech<\/option><option value=\"da\">Danish<\/option><option value=\"nl\">Dutch<\/option><option selected=\"selected\" value=\"en\">English<\/option><option value=\"eo\">Esperanto<\/option><option value=\"et\">Estonian<\/option><option value=\"tl\">Filipino<\/option><option value=\"fi\">Finnish<\/option><option value=\"fr\">French<\/option><option value=\"fy\">Frisian<\/option><option value=\"gl\">Galician<\/option><option value=\"ka\">Georgian<\/option><option value=\"de\">German<\/option><option value=\"el\">Greek<\/option><option value=\"gu\">Gujarati<\/option><option value=\"ht\">Haitian Creole<\/option><option value=\"ha\">Hausa<\/option><option value=\"haw\">Hawaiian<\/option><option value=\"iw\">Hebrew<\/option><option value=\"hi\">Hindi<\/option><option value=\"hmn\">Hmong<\/option><option value=\"hu\">Hungarian<\/option><option value=\"is\">Icelandic<\/option><option value=\"ig\">Igbo<\/option><option value=\"id\">Indonesian<\/option><option value=\"ga\">Irish<\/option><option value=\"it\">Italian<\/option><option value=\"ja\">Japanese<\/option><option value=\"jw\">Javanese<\/option><option value=\"kn\">Kannada<\/option><option value=\"kk\">Kazakh<\/option><option value=\"km\">Khmer<\/option><option value=\"ko\">Korean<\/option><option value=\"ku\">Kurdish<\/option><option value=\"ky\">Kyrgyz<\/option><option value=\"lo\">Lao<\/option><option value=\"la\">Latin<\/option><option value=\"lv\">Latvian<\/option><option value=\"lt\">Lithuanian<\/option><option value=\"lb\">Luxembourgish<\/option><option value=\"mk\">Macedonian<\/option><option value=\"mg\">Malagasy<\/option><option value=\"ms\">Malay<\/option><option value=\"ml\">Malayalam<\/option><option value=\"mt\">Maltese<\/option><option value=\"mi\">Maori<\/option><option value=\"mr\">Marathi<\/option><option value=\"mn\">Mongolian<\/option><option value=\"my\">Myanmar (Burmese)<\/option><option value=\"ne\">Nepali<\/option><option value=\"no\">Norwegian<\/option><option value=\"ps\">Pashto<\/option><option value=\"fa\">Persian<\/option><option value=\"pl\">Polish<\/option><option value=\"pt\">Portuguese<\/option><option value=\"pa\">Punjabi<\/option><option value=\"ro\">Romanian<\/option><option value=\"ru\">Russian<\/option><option value=\"sm\">Samoan<\/option><option value=\"gd\">Scots Gaelic<\/option><option value=\"sr\">Serbian<\/option><option value=\"st\">Sesotho<\/option><option value=\"sn\">Shona<\/option><option value=\"sd\">Sindhi<\/option><option value=\"si\">Sinhala<\/option><option value=\"sk\">Slovak<\/option><option value=\"sl\">Slovenian<\/option><option value=\"so\">Somali<\/option><option value=\"es\">Spanish<\/option><option value=\"su\">Sundanese<\/option><option value=\"sw\">Swahili<\/option><option value=\"sv\">Swedish<\/option><option value=\"tg\">Tajik<\/option><option value=\"ta\">Tamil<\/option><option value=\"te\">Telugu<\/option><option value=\"th\">Thai<\/option><option value=\"tr\">Turkish<\/option><option value=\"uk\">Ukrainian<\/option><option value=\"ur\">Urdu<\/option><option value=\"uz\">Uzbek<\/option><option value=\"vi\">Vietnamese<\/option><option value=\"cy\">Welsh<\/option><option value=\"xh\">Xhosa<\/option><option value=\"yi\">Yiddish<\/option><option value=\"yo\">Yoruba<\/option><option value=\"zu\">Zulu<\/option><\/select><\/td>\n<td class=\"SL_td\" align=\"center\" width=\"8%\">\n<div id=\"SL_TTS_voice\" style=\"background: rgba(0, 0, 0, 0) url('moz-extension:\/\/a3a0bde5-c8d7-42a2-b16a-ab70e5413781\/content\/img\/util\/ttsvoice.png') repeat scroll 0% 0%;\" title=\"undefined\"><\/div>\n<\/td>\n<td class=\"SL_td\" align=\"center\" width=\"8%\">\n<div id=\"SL_copy\" class=\"SL_copy\" style=\"background: rgba(0, 0, 0, 0) url('moz-extension:\/\/a3a0bde5-c8d7-42a2-b16a-ab70e5413781\/content\/img\/util\/copy.png') repeat scroll 0% 0%;\" title=\"Copy translation\"><\/div>\n<\/td>\n<td class=\"SL_td\" align=\"center\" width=\"8%\">\n<div id=\"SL_bbl_font_patch\"><\/div>\n<div id=\"SL_bbl_font\" class=\"SL_bbl_font\" style=\"background: rgba(0, 0, 0, 0) url('moz-extension:\/\/a3a0bde5-c8d7-42a2-b16a-ab70e5413781\/content\/img\/util\/font.png') repeat scroll 0% 0%;\" title=\"Font size\"><\/div>\n<\/td>\n<td class=\"SL_td\" align=\"center\" width=\"8%\">\n<div id=\"SL_bbl_help\" style=\"background: rgba(0, 0, 0, 0) url('moz-extension:\/\/a3a0bde5-c8d7-42a2-b16a-ab70e5413781\/content\/img\/util\/bhelp.png') repeat scroll 0% 0%;\" title=\"Help\"><\/div>\n<\/td>\n<td class=\"SL_td\" align=\"right\" width=\"15%\">\n<div id=\"SL_pin\" class=\"SL_pin_off\" style=\"background: rgba(0, 0, 0, 0) url('moz-extension:\/\/a3a0bde5-c8d7-42a2-b16a-ab70e5413781\/content\/img\/util\/pin-on.png') repeat scroll 0% 0%;\" title=\"Pin pop-up bubble\"><\/div>\n<\/td>\n<\/tr>\n<\/table>\n<\/div>\n<\/div>\n<div id=\"SL_shadow_translation_result\" style=\"visibility: visible;\"><\/div>\n<div id=\"SL_loading\" class=\"SL_loading\" style=\"background: rgba(0, 0, 0, 0) url('moz-extension:\/\/a3a0bde5-c8d7-42a2-b16a-ab70e5413781\/content\/img\/util\/loading.gif') repeat scroll 0% 0%;\"><\/div>\n<div id=\"SL_player2\"><\/div>\n<div id=\"SL_alert100\">Text-to-speech function is limited to 200 characters<\/div>\n<div id=\"SL_Balloon_options\" style=\"background: #ffffff url('moz-extension:\/\/a3a0bde5-c8d7-42a2-b16a-ab70e5413781\/content\/img\/util\/bg3.png') repeat scroll 0% 0%;\">\n<div id=\"SL_arrow_down\" style=\"background: rgba(0, 0, 0, 0) url('moz-extension:\/\/a3a0bde5-c8d7-42a2-b16a-ab70e5413781\/content\/img\/util\/down.png') repeat scroll 0% 0%;\"><\/div>\n<table id=\"SL_tbl_opt\" width=\"100%\">\n<tr>\n<td align=\"center\" width=\"5%\"><input id=\"SL_BBL_locer\" title=\"Show Translator's button 3 second(s)\" checked=\"checked\" type=\"checkbox\" \/><\/td>\n<td align=\"left\" width=\"5%\">\n<div id=\"SL_BBL_IMG\" style=\"background: rgba(0, 0, 0, 0) url('moz-extension:\/\/a3a0bde5-c8d7-42a2-b16a-ab70e5413781\/content\/img\/util\/bbl-logo.png') repeat scroll 0% 0%;\" title=\"Show Translator's button 3 second(s)\"><\/div>\n<\/td>\n<td align=\"center\" width=\"70%\"><a class=\"SL_options\" title=\"Show options\" href=\"moz-extension:\/\/a3a0bde5-c8d7-42a2-b16a-ab70e5413781\/content\/html\/options\/options.html?bbl\" target=\"_blank\" rel=\"noopener\">Options<\/a> : <a class=\"SL_options\" title=\"Translation History\" href=\"moz-extension:\/\/a3a0bde5-c8d7-42a2-b16a-ab70e5413781\/content\/html\/options\/options.html?hist\" target=\"_blank\" rel=\"noopener\">History<\/a> : <a class=\"SL_options\" title=\"ImTranslator Feedback\" href=\"moz-extension:\/\/a3a0bde5-c8d7-42a2-b16a-ab70e5413781\/content\/html\/options\/options.html?feed\" target=\"_blank\" rel=\"noopener\">Feedback<\/a> : <a class=\"SL_options\" title=\"Make a small contribution\" href=\"https:\/\/www.paypal.com\/cgi-bin\/webscr?cmd=_s-xclick&amp;hosted_button_id=GD9D8CPW8HFA2\" target=\"_blank\" rel=\"noopener\">Donate<\/a><\/td>\n<td align=\"right\" width=\"15%\"><span id=\"SL_Balloon_Close\" title=\"Close\">Close<\/span><\/td>\n<\/tr>\n<\/table>\n<\/div>\n<\/div>\n<\/div>\n","protected":false},"excerpt":{"rendered":"<p>zaprasza do udzia\u0142u w Og\u00f3lnopolskim Konkursie dla przedszkoli, pod nazw\u0105 Na sportowo jest zdrowo &#8211; przedszkolny program wychowania zdrowotnego XII edycja Konkurs przeprowadzony zostanie w okresie od 20 listopada 2018 r. do 20 maja 2019 r. Przedszkola, kt\u00f3re wykonaj\u0105 zadania przewidziane regulaminem konkursu, otrzymaj\u0105 certyfikaty \u201eNa sportowo jest zdrowo &#8211; przedszkolny program wychowania zdrowotnego\u201d oraz<\/p>\n","protected":false},"author":1,"featured_media":0,"parent":0,"menu_order":0,"comment_status":"closed","ping_status":"closed","template":"page-template-full.php","meta":{"footnotes":""},"class_list":["post-771","page","type-page","status-publish","hentry"],"_links":{"self":[{"href":"https:\/\/edukacja-zdrowotna.com.pl\/przedszkole\/wp-json\/wp\/v2\/pages\/771"}],"collection":[{"href":"https:\/\/edukacja-zdrowotna.com.pl\/przedszkole\/wp-json\/wp\/v2\/pages"}],"about":[{"href":"https:\/\/edukacja-zdrowotna.com.pl\/przedszkole\/wp-json\/wp\/v2\/types\/page"}],"author":[{"embeddable":true,"href":"https:\/\/edukacja-zdrowotna.com.pl\/przedszkole\/wp-json\/wp\/v2\/users\/1"}],"replies":[{"embeddable":true,"href":"https:\/\/edukacja-zdrowotna.com.pl\/przedszkole\/wp-json\/wp\/v2\/comments?post=771"}],"version-history":[{"count":3,"href":"https:\/\/edukacja-zdrowotna.com.pl\/przedszkole\/wp-json\/wp\/v2\/pages\/771\/revisions"}],"predecessor-version":[{"id":781,"href":"https:\/\/edukacja-zdrowotna.com.pl\/przedszkole\/wp-json\/wp\/v2\/pages\/771\/revisions\/781"}],"wp:attachment":[{"href":"https:\/\/edukacja-zdrowotna.com.pl\/przedszkole\/wp-json\/wp\/v2\/media?parent=771"}],"curies":[{"name":"wp","href":"https:\/\/api.w.org\/{rel}","templated":true}]}}