{"id":684,"date":"2017-10-25T10:16:57","date_gmt":"2017-10-25T08:16:57","guid":{"rendered":"http:\/\/edukacja-zdrowotna.com.pl\/przedszkole\/?page_id=684"},"modified":"2018-06-07T09:29:16","modified_gmt":"2018-06-07T07:29:16","slug":"na-sportowo-jest-zdrowo-przedszkolny-program-wychowania-zdrowotnego-ix-edycja","status":"publish","type":"page","link":"https:\/\/edukacja-zdrowotna.com.pl\/przedszkole\/seminarium\/na-sportowo-jest-zdrowo-przedszkolny-program-wychowania-zdrowotnego-ix-edycja\/","title":{"rendered":"Na sportowo jest zdrowo &#8211; przedszkolny program wychowania zdrowotnego IX edycja"},"content":{"rendered":"<p style=\"text-align: left;\">ZAPRASZAMY NA KURS &#8222;Na sportowo jest zdrowo &#8211; przedszkolny program wychowania zdrowotnego IX edycja&#8221;<\/p>\n<p style=\"text-align: center;\"><a href=\"http:\/\/spe.edu.pl\/wp-content\/uploads\/2013\/10\/studium_logo.png\"><img loading=\"lazy\" decoding=\"async\" src=\"http:\/\/spe.edu.pl\/wp-content\/uploads\/2013\/10\/studium_logo.png\" alt=\"studium_logo\" width=\"142\" height=\"37\" \/><\/a><\/p>\n<p style=\"text-align: center;\">zaprasza do udzia\u0142u w kursie\/studium przedmiotu<\/p>\n<h3 style=\"text-align: center;\"><strong><strong>Na sportowo jest zdrowo &#8211; przedszkolny program wychowania zdrowotnego IX edycja<br \/>\n<\/strong><\/strong><\/h3>\n<p style=\"text-align: center;\">w okresie od 04.06.2018 r. do 11.10.2018 r.<\/p>\n<p style=\"text-align: center;\">(z przerw\u0105 wakacyjn\u0105 lipiec-sierpie\u0144)<\/p>\n<p style=\"text-align: center;\"><strong>Zapisy na kurs przyjmowane s\u0105 do 4 czerwca 2018 r. <\/strong><\/p>\n<h5>Program kursu:<\/h5>\n<ol>\n<li>Edukacja prozdrowotna w przedszkolu.<\/li>\n<li>Rola prawid\u0142owego \u017cywienia dziecka w r\u00f3\u017cnym wieku. Funkcja sk\u0142adnik\u00f3w pokarmowych w organizmie m\u0142odego cz\u0142owieka.<\/li>\n<li>Podstawowe zasady komponowania jad\u0142ospis\u00f3w \u2013 zdrowe nawyki \u017cywieniowe, aktualne zalecenia dietetyczne, racje pokarmowe.<\/li>\n<li>Kszta\u0142towanie prawid\u0142owych postaw w zakresie bezpiecze\u0144stwa dzieci, ze szczeg\u00f3lnym uwzgl\u0119dnieniem bezpiecze\u0144stwa na drogach.<\/li>\n<li>Aktywny wypoczynek w gronie rodziny. Rola rodzic\u00f3w w kszta\u0142towaniu codziennych, zdrowych nawyk\u00f3w dziecka.<\/li>\n<li>Konspekty zaj\u0119\u0107 przedszkolnych.<\/li>\n<\/ol>\n<p style=\"text-align: justify;\">Kurs przeprowadzony b\u0119dzie z wykorzystaniem metody <em>e \u2013 learning<\/em>. Materia\u0142y szkoleniowe zamieszczane b\u0119d\u0105 na stronie internetowej kursu (platforma edukacyjna moodle). Zaliczenie kursu odb\u0119dzie si\u0119 poprzez quizy online.<\/p>\n<p style=\"text-align: justify;\">Cel kszta\u0142cenia: celem kursu jest usystematyzowanie wiedzy obj\u0119tej programem kursu. Tre\u015bci kszta\u0142cenia w zakresie poszczeg\u00f3lnych zaj\u0119\u0107 edukacyjnych b\u0119d\u0105 dost\u0119pne po zalogowaniu si\u0119 na stron\u0119 kursu.<\/p>\n<p style=\"text-align: justify;\">Absolwenci otrzymaj\u0105 za\u015bwiadczenia o uko\u0144czeniu kursu podpisane przez dyrektora, na podstawie \u00a718 ust.2 Rozporz\u0105dzenia Ministra Edukacji Narodowej z dnia 11 stycznia 2012 r. w sprawie kszta\u0142cenia ustawicznego w formach pozaszkolnych (Dz.U. z 2014 r., poz.622).<\/p>\n<p style=\"text-align: justify;\">Op\u0142ata za szkolenie wynosi 296 z\u0142 + 23% VAT od osoby (zwolnione z VAT w przypadku finansowania w co najmniej 70% ze \u015brodk\u00f3w publicznych, np. z bud\u017cetu jednostki samorz\u0105du terytorialnego) wnosz\u0105 wraz ze zg\u0142oszeniem uczestnicy lub kieruj\u0105ce ich jednostki, na konto Instytutu Bada\u0144 nad Demokracj\u0105 sp. z o.o., Bank Zachodni WBK S.A., nr 63 1090 2590 0000 0001 2401 0938.<\/p>\n<p style=\"text-align: justify;\">Zg\u0142oszenia mo\u017cna dokona\u0107 poprzez wype\u0142nienie formularza online. Poprawnie wype\u0142niony formularz online wygeneruje automatycznie formularz w pliku pdf, kt\u00f3ry nale\u017cy wydrukowa\u0107, podpisa\u0107 oraz przes\u0142a\u0107 na adres: Studium Prawa Europejskiego Al. Jerozolimskie 133\/53, 02-304 Warszawa. Zg\u0142oszenie na kurs jest r\u00f3wnoznaczne z przyst\u0105pieniem do konkursu.<\/p>\n<p><span style=\"color: #ff0000;\"><a style=\"color: #ff0000;\" href=\"http:\/\/formularze.spe.edu.pl\/pst-9ed-2016-k\"><strong><em><span style=\"color: #ff0000;\">FORMULARZ ZG\u0141OSZENIA ONLINE<\/span><\/em><\/strong><\/a><\/span><\/p>\n<p><strong>Koordynator szkolenia<\/strong><\/p>\n<p>Joanna Burzy\u0144ska<br \/>\n<a href=\"mailto:j.burzynska@spe.edu.pl\">j.burzynska@spe.edu.pl<\/a><br \/>\n22 833-38-90, 22 833-39-90 wew. 14<\/p>\n<p><strong>Wymagania techniczne dla uczestnik\u00f3w kursu: <\/strong><\/p>\n<ul>\n<li>komputer z \u0142\u0105czem internetowym<\/li>\n<li>standardowe oprogramowanie (Word, Adobe Reader lub inne odpowiadaj\u0105ce tym programom)<\/li>\n<li>adres e-mail<\/br>(Aby unikn\u0105\u0107 sytuacji, \u017ce powiadomienia z serwisu Studium Prawa Europejskiego zostan\u0105 usuni\u0119te lub umieszczone w katalogu SPAM w Pa\u0144stwa skrzynkach mailowych, prosimy o podawanie adres\u00f3w prywatnych lub dodawania domeny spe.edu.pl do zaufanych lub do kontakt\u00f3w.)<\/li>\n<\/ul>\n<p><strong>Wymagania wst\u0119pne dla uczestnik\u00f3w kursu: <\/strong><\/p>\n<ul>\n<li>wykszta\u0142cenie min. \u015brednie<\/li>\n<\/ul>\n<p>Kurs r\u00f3wnowa\u017cy 35 godzin szkolenia stacjonarnego.<\/p>\n<p>Szczeg\u00f3\u0142owy harmonogram, w tym terminy konsultacji dost\u0119pne b\u0119d\u0105 po zalogowaniu si\u0119 na stronie kursu.<\/p>\n<p style=\"text-align: center;\">Prawa autorskie do program\u00f3w i materia\u0142\u00f3w szkoleniowych zastrze\u017cone!<\/p>\n","protected":false},"excerpt":{"rendered":"<p>ZAPRASZAMY NA KURS &#8222;Na sportowo jest zdrowo &#8211; przedszkolny program wychowania zdrowotnego IX edycja&#8221; zaprasza do udzia\u0142u w kursie\/studium przedmiotu Na sportowo jest zdrowo &#8211; przedszkolny program wychowania zdrowotnego IX edycja w okresie od 04.06.2018 r. do 11.10.2018 r. (z przerw\u0105 wakacyjn\u0105 lipiec-sierpie\u0144) Zapisy na kurs przyjmowane s\u0105 do 4 czerwca 2018 r. Program kursu:<\/p>\n","protected":false},"author":1,"featured_media":0,"parent":9,"menu_order":0,"comment_status":"closed","ping_status":"closed","template":"page-template-full.php","meta":{"footnotes":""},"class_list":["post-684","page","type-page","status-publish","hentry"],"_links":{"self":[{"href":"https:\/\/edukacja-zdrowotna.com.pl\/przedszkole\/wp-json\/wp\/v2\/pages\/684"}],"collection":[{"href":"https:\/\/edukacja-zdrowotna.com.pl\/przedszkole\/wp-json\/wp\/v2\/pages"}],"about":[{"href":"https:\/\/edukacja-zdrowotna.com.pl\/przedszkole\/wp-json\/wp\/v2\/types\/page"}],"author":[{"embeddable":true,"href":"https:\/\/edukacja-zdrowotna.com.pl\/przedszkole\/wp-json\/wp\/v2\/users\/1"}],"replies":[{"embeddable":true,"href":"https:\/\/edukacja-zdrowotna.com.pl\/przedszkole\/wp-json\/wp\/v2\/comments?post=684"}],"version-history":[{"count":10,"href":"https:\/\/edukacja-zdrowotna.com.pl\/przedszkole\/wp-json\/wp\/v2\/pages\/684\/revisions"}],"predecessor-version":[{"id":741,"href":"https:\/\/edukacja-zdrowotna.com.pl\/przedszkole\/wp-json\/wp\/v2\/pages\/684\/revisions\/741"}],"up":[{"embeddable":true,"href":"https:\/\/edukacja-zdrowotna.com.pl\/przedszkole\/wp-json\/wp\/v2\/pages\/9"}],"wp:attachment":[{"href":"https:\/\/edukacja-zdrowotna.com.pl\/przedszkole\/wp-json\/wp\/v2\/media?parent=684"}],"curies":[{"name":"wp","href":"https:\/\/api.w.org\/{rel}","templated":true}]}}