{"id":5,"date":"2014-04-14T09:59:40","date_gmt":"2014-04-14T07:59:40","guid":{"rendered":"http:\/\/localhost\/aktywna-szkola\/?page_id=5"},"modified":"2025-10-03T09:09:17","modified_gmt":"2025-10-03T07:09:17","slug":"strona-glowna","status":"publish","type":"page","link":"https:\/\/edukacja-zdrowotna.com.pl\/przedszkole\/","title":{"rendered":"Strona g\u0142\u00f3wna"},"content":{"rendered":"<p style=\"text-align: center;\">Zapraszamy do udzia\u0142u w Og\u00f3lnopolskim Konkursie dla przedszkoli, pod nazw\u0105<\/p>\n<p style=\"text-align: center;\"><strong><b>Na sportowo jest zdrowo &#8211; przedszkolny program wychowania zdrowotnego<br \/>\n<\/b><\/strong><\/p>\n<div>\n<p><strong>Konkurs przeprowadzony zostanie w okresie od<b> 17 kwietnia 2026 r. do 20 listopada 2026 r. <\/b> Przedszkola, kt\u00f3re wykonaj\u0105 zadania przewidziane regulaminem konkursu, otrzymaj\u0105 certyfikaty \u201eNa sportowo jest zdrowo &#8211; przedszkolny program wychowania zdrowotnego\u201d oraz za\u015bwiadczenia o uko\u0144czeniu kursu.<\/strong><\/p>\n<p style=\"text-align: center;\"><a href=\"https:\/\/formularze.spe.edu.pl\/pst-56ed-mdk\/\" target=\"_blank\" rel=\"noopener noreferrer\"><b><em>FORMULARZ ZG\u0141OSZENIA ONLINE<\/em><\/b><\/a><\/p>\n<\/div>\n","protected":false},"excerpt":{"rendered":"<p>Zapraszamy do udzia\u0142u w Og\u00f3lnopolskim Konkursie dla przedszkoli, pod nazw\u0105 Na sportowo jest zdrowo &#8211; przedszkolny program wychowania zdrowotnego Konkurs przeprowadzony zostanie w okresie od 17 kwietnia 2026 r. do 20 listopada 2026 r. Przedszkola, kt\u00f3re wykonaj\u0105 zadania przewidziane regulaminem konkursu, otrzymaj\u0105 certyfikaty \u201eNa sportowo jest zdrowo &#8211; przedszkolny program wychowania zdrowotnego\u201d oraz za\u015bwiadczenia o<\/p>\n","protected":false},"author":1,"featured_media":0,"parent":0,"menu_order":0,"comment_status":"closed","ping_status":"closed","template":"page-template-full.php","meta":{"footnotes":""},"class_list":["post-5","page","type-page","status-publish","hentry"],"_links":{"self":[{"href":"https:\/\/edukacja-zdrowotna.com.pl\/przedszkole\/wp-json\/wp\/v2\/pages\/5"}],"collection":[{"href":"https:\/\/edukacja-zdrowotna.com.pl\/przedszkole\/wp-json\/wp\/v2\/pages"}],"about":[{"href":"https:\/\/edukacja-zdrowotna.com.pl\/przedszkole\/wp-json\/wp\/v2\/types\/page"}],"author":[{"embeddable":true,"href":"https:\/\/edukacja-zdrowotna.com.pl\/przedszkole\/wp-json\/wp\/v2\/users\/1"}],"replies":[{"embeddable":true,"href":"https:\/\/edukacja-zdrowotna.com.pl\/przedszkole\/wp-json\/wp\/v2\/comments?post=5"}],"version-history":[{"count":136,"href":"https:\/\/edukacja-zdrowotna.com.pl\/przedszkole\/wp-json\/wp\/v2\/pages\/5\/revisions"}],"predecessor-version":[{"id":1557,"href":"https:\/\/edukacja-zdrowotna.com.pl\/przedszkole\/wp-json\/wp\/v2\/pages\/5\/revisions\/1557"}],"wp:attachment":[{"href":"https:\/\/edukacja-zdrowotna.com.pl\/przedszkole\/wp-json\/wp\/v2\/media?parent=5"}],"curies":[{"name":"wp","href":"https:\/\/api.w.org\/{rel}","templated":true}]}}