{"id":367,"date":"2016-03-04T15:26:00","date_gmt":"2016-03-04T14:26:00","guid":{"rendered":"http:\/\/edukacja-zdrowotna.com.pl\/przedszkole\/?page_id=367"},"modified":"2016-03-04T15:26:00","modified_gmt":"2016-03-04T14:26:00","slug":"na-sportowo-jest-zdrowo-przedszkolny-program-wychowania-zdrowotnego","status":"publish","type":"page","link":"https:\/\/edukacja-zdrowotna.com.pl\/przedszkole\/konkurs\/na-sportowo-jest-zdrowo-przedszkolny-program-wychowania-zdrowotnego\/","title":{"rendered":"Na sportowo jest zdrowo &#8211; przedszkolny program wychowania zdrowotnego"},"content":{"rendered":"<p style=\"text-align: center;\"><a href=\"http:\/\/spe.edu.pl\/wp-content\/uploads\/2013\/10\/studium_logo.png\"><img loading=\"lazy\" decoding=\"async\" src=\"http:\/\/spe.edu.pl\/wp-content\/uploads\/2013\/10\/studium_logo.png\" alt=\"studium_logo\" width=\"142\" height=\"37\" \/><\/a><\/p>\n<p style=\"text-align: center;\">zaprasza do udzia\u0142u w Og\u00f3lnopolskim Konkursie dla przedszkoli, pod nazw\u0105<\/p>\n<div>\n<h3 style=\"text-align: center;\"><strong><b>Na sportowo jest zdrowo &#8211; przedszkolny program wychowania zdrowotnego<\/b><\/strong><\/h3>\n<\/div>\n<div>\n<p style=\"text-align: justify;\"><strong>Konkurs przeprowadzony zostanie w okresie od 05.10.2015 r. do 05.04.2016 r. Przedszkola, kt\u00f3re wykonaj\u0105 zadania przewidziane regulaminem konkursu, otrzymaj\u0105 certyfikaty \u201eNa sportowo jest zdrowo &#8211; przedszkolny program wychowania zdrowotnego\u201d oraz za\u015bwiadczenia o uko\u0144czeniu kursu.<br \/>\n<\/strong><\/p>\n<\/div>\n<h5>Regulamin konkursu:<\/h5>\n<ul>\n<li>Celem konkursu jest wskazanie, jak wa\u017cn\u0105 rol\u0119 w \u017cyciu przedszkolaka pe\u0142ni edukacja prozdrowotna, promowanie zdrowego i aktywnego stylu \u017cycia.<\/li>\n<\/ul>\n<ul>\n<li>Przedszkola przyst\u0119puj\u0105ce do konkursu przyjm\u0105 na siebie zadania, kt\u00f3rych wykonanie b\u0119dzie oceniane przez jury punktowo, w skali od \u201e1\u201d do \u201e10\u201d. Warunkiem do otrzymania dyplomu i za\u015bwiadczenia o uko\u0144czeniu kursu \u201eNa sportowo jest zdrowo &#8211; przedszkolny program wychowania zdrowotnego\u201d jest uzyskanie co najmniej 50 punkt\u00f3w za zrealizowanie 6 spo\u015br\u00f3d 8 zaproponowanych zada\u0144. W sk\u0142ad jury wchodz\u0105 przedstawiciele organizatora konkursu.<\/li>\n<\/ul>\n<p><strong><b>Zadania konkursu: \u201eNa sportowo jest zdrowo &#8211; przedszkolny program wychowania zdrowotnego\u201d<\/b><\/strong><\/p>\n<ol>\n<li>\u201eZastrzyk z witamin ka\u017cdego dnia\u201d. Zorganizowanie zaj\u0119\u0107, na kt\u00f3rych przedszkolaki zrobi\u0105 kilka sa\u0142atek warzywnych i owocowych. Nast\u0119pnie om\u00f3wienie ka\u017cdej z nich pod k\u0105tem warto\u015bci od\u017cywczych, prawid\u0142owego \u0142\u0105czenia sk\u0142adnik\u00f3w oraz smaku. Ocena na podstawie sprawozdania, prac plastycznych\/ zdj\u0119\u0107 przes\u0142anych do jury konkursu.<\/li>\n<li>Zorganizowanie spotkania z piel\u0119gniark\u0105 \/lekarzem\/dietetykiem nt. \u201eZaburzenia stanu zdrowia i rozwoju zwi\u0105zanego z nieprawid\u0142owym od\u017cywianiem (oty\u0142o\u015b\u0107, nadwaga, niedob\u00f3r masy cia\u0142a, anoreksja, bulimia\u2026)\u201d. Ocena na podstawie sprawozdania oraz prac plastycznych przes\u0142anych do jury konkursu.<\/li>\n<li>\u201eSzczotka, pasta, kubek\u2026\u201d \u2013 higiena osobista ka\u017cdego dnia. Pogadanka na temat higieny oraz nauczenie dzieci piosenki pt. \u201eSzczotka, pasta, kubek\u201d. Ocena na podstawie sprawozdania oraz prac plastycznych\/zdj\u0119\u0107\/piosenek, przes\u0142anych do jury konkursu.<\/li>\n<li>Zorganizowanie og\u00f3lnoprzedszkolnego dnia sportu, w ramach kt\u00f3rego przeprowadzone zostan\u0105 zawody w kilku wybranych dyscyplinach, z podzia\u0142em na grupy wiekowe. Zawody powinny by\u0107 poprzedzone dyskusj\u0105 na temat tego, jaki wp\u0142yw na zdrowie fizyczne i psychiczne ma aktywno\u015b\u0107 ruchowa. Ocena na podstawie sprawozdania, wynik\u00f3w oraz zdj\u0119\u0107 przes\u0142anych do jury konkursu.<\/li>\n<li>\u201eJestem tym co jem?\u201d \u2013 rola racjonalne \u017cywienia na co dzie\u0144. Pogadanka na temat prawid\u0142owego od\u017cywiania si\u0119 zwie\u0144czona przygotowaniem gazetki przedszkolnej. Ocena na podstawie sprawozdania oraz prac plastycznych\/zdj\u0119\u0107 przes\u0142anych do jury konkursu.<\/li>\n<li>Przeprowadzenie spotka\u0144 uczni\u00f3w z przedstawicielami Policji\/Stra\u017cy Po\u017carnej\/Pogotowia Ratunkowego, organizacji spo\u0142ecznych nt.\u00a0\u201eBezpieczne zachowanie w przedszkolu, domu, na ulicy\u201d.\u00a0Ocena na podstawie sprawozdania oraz prac plastycznych\/zdj\u0119\u0107 przes\u0142anych do jury konkursu.<\/li>\n<li>Przygotowanie plakatu oraz has\u0142a promuj\u0105cego aktywny tryb \u017cycia\/aktywny wypoczynek. Ocena na podstawie sprawozdania oraz prac plastycznych przes\u0142anych do jury konkursu.<\/li>\n<li>Zg\u0142aszanie swoich przedstawicieli do udzia\u0142u w kursie\u00a0\u201eNa sportowo jest zdrowo &#8211; przedszkolny program wychowania zdrowotnego\u201d kt\u00f3ry w okresie od 05\u00a0pa\u017adziernika\u00a02015 r.\u00a0do 05\u00a0stycznia\u00a02016 r. przeprowadzi w formie e-learning Studium Prawa Europejskiego w Warszawie (zadanie obowi\u0105zkowe).<\/li>\n<\/ol>\n<p><strong>Termin zg\u0142aszania udzia\u0142u w konkursie up\u0142ywa 30\u00a0wrze\u015bnia 2015 r.<\/strong><\/p>\n<ul>\n<li>Prace konkursowe zwie\u0144cz\u0105 zbiorcze informacje przedszkoli\u00a0o przebiegu prac konkursowych i uzyskanych efektach. Informacj\u0119 (na wzorze dostarczonym przez jury), opracowuj\u0105 wsp\u00f3lnie dyrektorzy przedszkoli, nauczyciele, wychowawcy, opiekunowie oraz rodzice.<\/li>\n<li>Jury zach\u0119ca przedszkola do dokumentowania, wykonanych w ramach konkursu prac,w materia\u0142y fotograficzne, plastyczne\/pisemne opracowania r\u00f3wnie\u017c zarejestrowanych elektronicznie na DVD lub CD etc.<\/li>\n<li>Informacje o przedsi\u0119wzi\u0119ciach w ramach konkursu, wraz z informacj\u0105 o innych przedsi\u0119wzi\u0119ciach podj\u0119tych przez szko\u0142\u0119 nale\u017cy przesy\u0142a\u0107 przez stron\u0119 internetow\u0105 <a href=\"http:\/\/konkursy.spe.edu.pl\/\">konkursy.spe.edu.pl<\/a>\u00a0do dnia 5 kwietnia\u00a02016\u00a0r.<\/li>\n<li>Adres jury konkursu \u201eNa sportowo jest zdrowo &#8211; przedszkolny program wychowania zdrowotnego\u201d.: Al. Jerozolimskie 133\/53, 02-304 Warszawa., e-mail: sekretariat@edukacja-zdrowotna.com.pl<\/li>\n<\/ul>\n<p style=\"text-align: center;\">Prawa autorskie do program\u00f3w i materia\u0142\u00f3w szkoleniowych zastrze\u017cone!<\/p>\n","protected":false},"excerpt":{"rendered":"<p>zaprasza do udzia\u0142u w Og\u00f3lnopolskim Konkursie dla przedszkoli, pod nazw\u0105 Na sportowo jest zdrowo &#8211; przedszkolny program wychowania zdrowotnego Konkurs przeprowadzony zostanie w okresie od 05.10.2015 r. do 05.04.2016 r. Przedszkola, kt\u00f3re wykonaj\u0105 zadania przewidziane regulaminem konkursu, otrzymaj\u0105 certyfikaty \u201eNa sportowo jest zdrowo &#8211; przedszkolny program wychowania zdrowotnego\u201d oraz za\u015bwiadczenia o uko\u0144czeniu kursu. Regulamin konkursu:<\/p>\n","protected":false},"author":1,"featured_media":0,"parent":7,"menu_order":0,"comment_status":"open","ping_status":"open","template":"page-template-full.php","meta":{"footnotes":""},"class_list":["post-367","page","type-page","status-publish","hentry"],"_links":{"self":[{"href":"https:\/\/edukacja-zdrowotna.com.pl\/przedszkole\/wp-json\/wp\/v2\/pages\/367"}],"collection":[{"href":"https:\/\/edukacja-zdrowotna.com.pl\/przedszkole\/wp-json\/wp\/v2\/pages"}],"about":[{"href":"https:\/\/edukacja-zdrowotna.com.pl\/przedszkole\/wp-json\/wp\/v2\/types\/page"}],"author":[{"embeddable":true,"href":"https:\/\/edukacja-zdrowotna.com.pl\/przedszkole\/wp-json\/wp\/v2\/users\/1"}],"replies":[{"embeddable":true,"href":"https:\/\/edukacja-zdrowotna.com.pl\/przedszkole\/wp-json\/wp\/v2\/comments?post=367"}],"version-history":[{"count":1,"href":"https:\/\/edukacja-zdrowotna.com.pl\/przedszkole\/wp-json\/wp\/v2\/pages\/367\/revisions"}],"predecessor-version":[{"id":368,"href":"https:\/\/edukacja-zdrowotna.com.pl\/przedszkole\/wp-json\/wp\/v2\/pages\/367\/revisions\/368"}],"up":[{"embeddable":true,"href":"https:\/\/edukacja-zdrowotna.com.pl\/przedszkole\/wp-json\/wp\/v2\/pages\/7"}],"wp:attachment":[{"href":"https:\/\/edukacja-zdrowotna.com.pl\/przedszkole\/wp-json\/wp\/v2\/media?parent=367"}],"curies":[{"name":"wp","href":"https:\/\/api.w.org\/{rel}","templated":true}]}}